{"id":1408,"date":"2019-04-29T11:23:09","date_gmt":"2019-04-29T09:23:09","guid":{"rendered":"http:\/\/www.paroleetcoupdetheatre.fr\/?page_id=1408"},"modified":"2019-04-29T13:33:11","modified_gmt":"2019-04-29T11:33:11","slug":"la-rescapee","status":"publish","type":"page","link":"https:\/\/www.paroleetcoupdetheatre.fr\/index.php\/la-rescapee\/","title":{"rendered":"La rescap\u00e9e"},"content":{"rendered":"\n<p><em><strong>AVEC Christiane CALY sur une mise en sc\u00e8ne de Karim ARRIM<\/strong><\/em><\/p>\n\n\n\n<p>CR\u00c9ATION DE PAROLE ET COUP DE TH\u00c9\u00c2TRE<br>\u00ab LA PREMI\u00c8RE \u00bb AUX VOILES ROUGES &#8211; SALLE RUBIS<br>VENDREDI 29 MARS 2019 \u00c0 20H30<\/p>\n\n\n\n<p>Cendres sur les mains : c&rsquo;est une voix de la r\u00e9alit\u00e9. Une voix terrifiante. Telle qu&rsquo;elle, j&rsquo;en ai la conviction, elle est inassimilable par le th\u00e9\u00e2tre. Elle dit trop brutalement les choses. Il faut trouver des voies d&rsquo;\u00e9criture pour approcher cela.<br>Par le biais de la langue. Il faut chercher des outils pour appr\u00e9hender cette histoire. C&rsquo;est une entreprise risqu\u00e9e, mais elle est importante. La sc\u00e8ne doit avoir cette ambition-l\u00e0 : celle de s&rsquo;ouvrir aux fureurs du monde.<br>Les voix de deux fossoyeurs en \u00e9cho plut\u00f4t que de com\u00e9diens jouant les r\u00f4les en sc\u00e8ne afin de permettre \u00e0 la rescap\u00e9e d\u2019avoir<br>une pr\u00e9sence au pr\u00e9sent de l\u2019histoire au lieu du souvenir de l\u2019action. Rendre le jeu de la femme plus poignant. \u00bb\u2026<\/p>\n\n\n\n<ul class=\"wp-block-gallery columns-3 is-cropped wp-block-gallery-1 is-layout-flex wp-block-gallery-is-layout-flex\"><li class=\"blocks-gallery-item\"><figure><img loading=\"lazy\" decoding=\"async\" width=\"680\" height=\"453\" src=\"http:\/\/www.paroleetcoupdetheatre.fr\/wp-content\/uploads\/2012\/06\/DSC_0407-3nb-680x453.jpg\" alt=\"\" data-id=\"1402\" data-link=\"http:\/\/www.paroleetcoupdetheatre.fr\/index.php\/gallery\/940-2\/dsc_0407-3nb-2\/\" class=\"wp-image-1402\" srcset=\"https:\/\/www.paroleetcoupdetheatre.fr\/wp-content\/uploads\/2012\/06\/DSC_0407-3nb-680x453.jpg 680w, https:\/\/www.paroleetcoupdetheatre.fr\/wp-content\/uploads\/2012\/06\/DSC_0407-3nb-520x347.jpg 520w, https:\/\/www.paroleetcoupdetheatre.fr\/wp-content\/uploads\/2012\/06\/DSC_0407-3nb-768x512.jpg 768w\" sizes=\"auto, (max-width: 680px) 100vw, 680px\" \/><\/figure><\/li><li class=\"blocks-gallery-item\"><figure><img loading=\"lazy\" decoding=\"async\" width=\"680\" height=\"453\" src=\"http:\/\/www.paroleetcoupdetheatre.fr\/wp-content\/uploads\/2012\/06\/DSC_0400-2nb-680x453.jpg\" alt=\"\" data-id=\"1401\" data-link=\"http:\/\/www.paroleetcoupdetheatre.fr\/index.php\/gallery\/940-2\/dsc_0400-2nb\/\" class=\"wp-image-1401\" srcset=\"https:\/\/www.paroleetcoupdetheatre.fr\/wp-content\/uploads\/2012\/06\/DSC_0400-2nb-680x453.jpg 680w, https:\/\/www.paroleetcoupdetheatre.fr\/wp-content\/uploads\/2012\/06\/DSC_0400-2nb-520x347.jpg 520w, https:\/\/www.paroleetcoupdetheatre.fr\/wp-content\/uploads\/2012\/06\/DSC_0400-2nb-768x512.jpg 768w\" sizes=\"auto, (max-width: 680px) 100vw, 680px\" \/><\/figure><\/li><li class=\"blocks-gallery-item\"><figure><img loading=\"lazy\" decoding=\"async\" width=\"680\" height=\"453\" src=\"http:\/\/www.paroleetcoupdetheatre.fr\/wp-content\/uploads\/2012\/06\/DSC_0390-nb-680x453.jpg\" alt=\"\" data-id=\"1400\" data-link=\"http:\/\/www.paroleetcoupdetheatre.fr\/index.php\/gallery\/940-2\/dsc_0390-nb\/\" class=\"wp-image-1400\" srcset=\"https:\/\/www.paroleetcoupdetheatre.fr\/wp-content\/uploads\/2012\/06\/DSC_0390-nb-680x453.jpg 680w, https:\/\/www.paroleetcoupdetheatre.fr\/wp-content\/uploads\/2012\/06\/DSC_0390-nb-520x347.jpg 520w, https:\/\/www.paroleetcoupdetheatre.fr\/wp-content\/uploads\/2012\/06\/DSC_0390-nb-768x512.jpg 768w\" sizes=\"auto, (max-width: 680px) 100vw, 680px\" \/><\/figure><\/li><li class=\"blocks-gallery-item\"><figure><img loading=\"lazy\" decoding=\"async\" width=\"680\" height=\"453\" src=\"http:\/\/www.paroleetcoupdetheatre.fr\/wp-content\/uploads\/2012\/06\/DSC_0377-3-nb-680x453.jpg\" alt=\"\" data-id=\"1398\" data-link=\"http:\/\/www.paroleetcoupdetheatre.fr\/index.php\/gallery\/940-2\/dsc_0377-3-nb-2\/\" class=\"wp-image-1398\" srcset=\"https:\/\/www.paroleetcoupdetheatre.fr\/wp-content\/uploads\/2012\/06\/DSC_0377-3-nb-680x453.jpg 680w, https:\/\/www.paroleetcoupdetheatre.fr\/wp-content\/uploads\/2012\/06\/DSC_0377-3-nb-520x347.jpg 520w, https:\/\/www.paroleetcoupdetheatre.fr\/wp-content\/uploads\/2012\/06\/DSC_0377-3-nb-768x512.jpg 768w\" sizes=\"auto, (max-width: 680px) 100vw, 680px\" \/><\/figure><\/li><li class=\"blocks-gallery-item\"><figure><img loading=\"lazy\" decoding=\"async\" width=\"680\" height=\"453\" src=\"http:\/\/www.paroleetcoupdetheatre.fr\/wp-content\/uploads\/2019\/04\/56848001_311775999467910_3898801423877406720_n-680x453.jpg\" alt=\"\" data-id=\"1396\" data-link=\"http:\/\/www.paroleetcoupdetheatre.fr\/?attachment_id=1396\" class=\"wp-image-1396\" srcset=\"https:\/\/www.paroleetcoupdetheatre.fr\/wp-content\/uploads\/2019\/04\/56848001_311775999467910_3898801423877406720_n-680x453.jpg 680w, https:\/\/www.paroleetcoupdetheatre.fr\/wp-content\/uploads\/2019\/04\/56848001_311775999467910_3898801423877406720_n-520x347.jpg 520w, https:\/\/www.paroleetcoupdetheatre.fr\/wp-content\/uploads\/2019\/04\/56848001_311775999467910_3898801423877406720_n-768x512.jpg 768w\" sizes=\"auto, (max-width: 680px) 100vw, 680px\" \/><\/figure><\/li><li class=\"blocks-gallery-item\"><figure><img loading=\"lazy\" decoding=\"async\" width=\"680\" height=\"453\" src=\"http:\/\/www.paroleetcoupdetheatre.fr\/wp-content\/uploads\/2019\/04\/DSC_0377-3-nb-680x453.jpg\" alt=\"\" data-id=\"1393\" data-link=\"http:\/\/www.paroleetcoupdetheatre.fr\/?attachment_id=1393\" class=\"wp-image-1393\" srcset=\"https:\/\/www.paroleetcoupdetheatre.fr\/wp-content\/uploads\/2019\/04\/DSC_0377-3-nb-680x453.jpg 680w, https:\/\/www.paroleetcoupdetheatre.fr\/wp-content\/uploads\/2019\/04\/DSC_0377-3-nb-520x347.jpg 520w, https:\/\/www.paroleetcoupdetheatre.fr\/wp-content\/uploads\/2019\/04\/DSC_0377-3-nb-768x512.jpg 768w\" sizes=\"auto, (max-width: 680px) 100vw, 680px\" \/><\/figure><\/li><\/ul>\n","protected":false},"excerpt":{"rendered":"<p>AVEC Christiane CALY sur une mise en sc\u00e8ne de Karim ARRIM CR\u00c9ATION DE PAROLE ET COUP DE TH\u00c9\u00c2TRE\u00ab LA PREMI\u00c8RE \u00bb AUX VOILES ROUGES &#8211; SALLE RUBISVENDREDI 29 MARS 2019 \u00c0 20H30 Cendres sur les mains : c&rsquo;est une voix de la r\u00e9alit\u00e9. Une voix terrifiante. Telle qu&rsquo;elle, j&rsquo;en ai [&hellip;]<\/p>\n","protected":false},"author":1,"featured_media":1401,"parent":0,"menu_order":0,"comment_status":"closed","ping_status":"closed","template":"","meta":{"_themeisle_gutenberg_block_has_review":false,"footnotes":""},"class_list":["post-1408","page","type-page","status-publish","has-post-thumbnail","hentry"],"_links":{"self":[{"href":"https:\/\/www.paroleetcoupdetheatre.fr\/index.php\/wp-json\/wp\/v2\/pages\/1408","targetHints":{"allow":["GET"]}}],"collection":[{"href":"https:\/\/www.paroleetcoupdetheatre.fr\/index.php\/wp-json\/wp\/v2\/pages"}],"about":[{"href":"https:\/\/www.paroleetcoupdetheatre.fr\/index.php\/wp-json\/wp\/v2\/types\/page"}],"author":[{"embeddable":true,"href":"https:\/\/www.paroleetcoupdetheatre.fr\/index.php\/wp-json\/wp\/v2\/users\/1"}],"replies":[{"embeddable":true,"href":"https:\/\/www.paroleetcoupdetheatre.fr\/index.php\/wp-json\/wp\/v2\/comments?post=1408"}],"version-history":[{"count":3,"href":"https:\/\/www.paroleetcoupdetheatre.fr\/index.php\/wp-json\/wp\/v2\/pages\/1408\/revisions"}],"predecessor-version":[{"id":1501,"href":"https:\/\/www.paroleetcoupdetheatre.fr\/index.php\/wp-json\/wp\/v2\/pages\/1408\/revisions\/1501"}],"wp:featuredmedia":[{"embeddable":true,"href":"https:\/\/www.paroleetcoupdetheatre.fr\/index.php\/wp-json\/wp\/v2\/media\/1401"}],"wp:attachment":[{"href":"https:\/\/www.paroleetcoupdetheatre.fr\/index.php\/wp-json\/wp\/v2\/media?parent=1408"}],"curies":[{"name":"wp","href":"https:\/\/api.w.org\/{rel}","templated":true}]}}