{"id":1985,"date":"2024-01-11T06:19:04","date_gmt":"2024-01-11T05:19:04","guid":{"rendered":"http:\/\/www.paroleetcoupdetheatre.fr\/?page_id=1985"},"modified":"2024-02-23T16:54:46","modified_gmt":"2024-02-23T15:54:46","slug":"identite","status":"publish","type":"page","link":"https:\/\/www.paroleetcoupdetheatre.fr\/index.php\/identite\/","title":{"rendered":"Identit\u00e9"},"content":{"rendered":"<div class=\"wp-block-image\">\n<figure class=\"aligncenter size-large\"><img loading=\"lazy\" decoding=\"async\" width=\"744\" height=\"1024\" src=\"http:\/\/www.paroleetcoupdetheatre.fr\/wp-content\/uploads\/2024\/01\/418929357_10220787323707878_6856434987106508515_n-744x1024.jpg\" alt=\"\" class=\"wp-image-1986\" srcset=\"https:\/\/www.paroleetcoupdetheatre.fr\/wp-content\/uploads\/2024\/01\/418929357_10220787323707878_6856434987106508515_n-744x1024.jpg 744w, https:\/\/www.paroleetcoupdetheatre.fr\/wp-content\/uploads\/2024\/01\/418929357_10220787323707878_6856434987106508515_n-218x300.jpg 218w, https:\/\/www.paroleetcoupdetheatre.fr\/wp-content\/uploads\/2024\/01\/418929357_10220787323707878_6856434987106508515_n-768x1057.jpg 768w, https:\/\/www.paroleetcoupdetheatre.fr\/wp-content\/uploads\/2024\/01\/418929357_10220787323707878_6856434987106508515_n-1116x1536.jpg 1116w, https:\/\/www.paroleetcoupdetheatre.fr\/wp-content\/uploads\/2024\/01\/418929357_10220787323707878_6856434987106508515_n.jpg 1488w\" sizes=\"auto, (max-width: 744px) 100vw, 744px\" \/><\/figure>\n<\/div>\n\n\n<p>Un couple, revenant d&rsquo;une soir\u00e9e au petit matin, fait le compte de ce qu&rsquo;il lui reste : deux bouteilles de vin ramen\u00e9es en douce, une bo\u00eete de thon, quatre minutes de forfait sur un portable&#8230; quand sur l&rsquo;\u00e9tiquette d&rsquo;une des bouteilles : \u00a0\u00bb voulez-vous gagner de l&rsquo;argent ? \u00ab\u00a0&#8230; comme un clin d&rsquo;oeil de la providence qui va les entrainer dans une interrogation identitaire, o\u00f9 se pr\u00e9cipitent les origines, l&rsquo;histoire, leur histoire. Cruelcomme  un conte. Beau comme une parabole.<\/p>\n\n\n\n<p>Dur\u00e9e : 1h10<\/p>\n\n\n\n<p>La presse en parle :<\/p>\n\n\n\n<figure class=\"wp-block-image size-large\"><img loading=\"lazy\" decoding=\"async\" width=\"1024\" height=\"892\" src=\"https:\/\/www.paroleetcoupdetheatre.fr\/wp-content\/uploads\/2024\/02\/TC4008-BAT-p11-1024x892.jpg\" alt=\"\" class=\"wp-image-1991\" srcset=\"https:\/\/www.paroleetcoupdetheatre.fr\/wp-content\/uploads\/2024\/02\/TC4008-BAT-p11-1024x892.jpg 1024w, https:\/\/www.paroleetcoupdetheatre.fr\/wp-content\/uploads\/2024\/02\/TC4008-BAT-p11-300x261.jpg 300w, https:\/\/www.paroleetcoupdetheatre.fr\/wp-content\/uploads\/2024\/02\/TC4008-BAT-p11-768x669.jpg 768w, https:\/\/www.paroleetcoupdetheatre.fr\/wp-content\/uploads\/2024\/02\/TC4008-BAT-p11-1536x1337.jpg 1536w, https:\/\/www.paroleetcoupdetheatre.fr\/wp-content\/uploads\/2024\/02\/TC4008-BAT-p11-2048x1783.jpg 2048w\" sizes=\"auto, (max-width: 1024px) 100vw, 1024px\" \/><\/figure>\n","protected":false},"excerpt":{"rendered":"<p>Un couple, revenant d&rsquo;une soir\u00e9e au petit matin, fait le compte de ce qu&rsquo;il lui reste : deux bouteilles de vin ramen\u00e9es en douce, une bo\u00eete de thon, quatre minutes de forfait sur un portable&#8230; quand sur l&rsquo;\u00e9tiquette d&rsquo;une des bouteilles : \u00a0\u00bb voulez-vous gagner de l&rsquo;argent ? \u00ab\u00a0&#8230; comme [&hellip;]<\/p>\n","protected":false},"author":1,"featured_media":1986,"parent":0,"menu_order":0,"comment_status":"closed","ping_status":"closed","template":"","meta":{"_themeisle_gutenberg_block_has_review":false,"footnotes":""},"class_list":["post-1985","page","type-page","status-publish","has-post-thumbnail","hentry"],"_links":{"self":[{"href":"https:\/\/www.paroleetcoupdetheatre.fr\/index.php\/wp-json\/wp\/v2\/pages\/1985","targetHints":{"allow":["GET"]}}],"collection":[{"href":"https:\/\/www.paroleetcoupdetheatre.fr\/index.php\/wp-json\/wp\/v2\/pages"}],"about":[{"href":"https:\/\/www.paroleetcoupdetheatre.fr\/index.php\/wp-json\/wp\/v2\/types\/page"}],"author":[{"embeddable":true,"href":"https:\/\/www.paroleetcoupdetheatre.fr\/index.php\/wp-json\/wp\/v2\/users\/1"}],"replies":[{"embeddable":true,"href":"https:\/\/www.paroleetcoupdetheatre.fr\/index.php\/wp-json\/wp\/v2\/comments?post=1985"}],"version-history":[{"count":2,"href":"https:\/\/www.paroleetcoupdetheatre.fr\/index.php\/wp-json\/wp\/v2\/pages\/1985\/revisions"}],"predecessor-version":[{"id":1993,"href":"https:\/\/www.paroleetcoupdetheatre.fr\/index.php\/wp-json\/wp\/v2\/pages\/1985\/revisions\/1993"}],"wp:featuredmedia":[{"embeddable":true,"href":"https:\/\/www.paroleetcoupdetheatre.fr\/index.php\/wp-json\/wp\/v2\/media\/1986"}],"wp:attachment":[{"href":"https:\/\/www.paroleetcoupdetheatre.fr\/index.php\/wp-json\/wp\/v2\/media?parent=1985"}],"curies":[{"name":"wp","href":"https:\/\/api.w.org\/{rel}","templated":true}]}}