{"id":2,"date":"2019-04-27T17:06:24","date_gmt":"2019-04-27T15:06:24","guid":{"rendered":"http:\/\/www.paroleetcoupdetheatre.fr\/?page_id=2"},"modified":"2023-01-15T20:56:51","modified_gmt":"2023-01-15T19:56:51","slug":"association","status":"publish","type":"page","link":"https:\/\/www.paroleetcoupdetheatre.fr\/index.php\/association\/","title":{"rendered":"Association"},"content":{"rendered":"\n<h2 class=\"wp-block-heading\">Informations<\/h2>\n\n\n\n<p>Association r\u00e9gie par la Loi du 1er juillet 1901, article 5 ; D\u00e9cret du 16 ao\u00fbt 1901, article 1 \u00e0 7 ayant pour titre <strong>\u00ab\u00a0Parole et Coup de Th\u00e9\u00e2tre\u00a0\u00bb<\/strong>.<\/p>\n\n\n\n<p>Le si\u00e8ge social est fix\u00e9 \u00e0 Canet-En-Roussillon.<\/p>\n\n\n\n<p>L&rsquo;Association se r\u00e9unie les lundis de <strong>18H00 \u00e0 20H00<\/strong> et les mardis \u200bde <strong>18H00 \u00e0 23H00<\/strong> au <strong>Th\u00e9\u00e2tre Jean Piat.<\/strong><\/p>\n\n\n\n<p>Christiane CALY, <strong>Pr\u00e9sidente<\/strong><\/p>\n\n\n\n<p>Muriel CALY, <strong>Secr\u00e9taire<\/strong><\/p>\n\n\n\n<p>Philippe VEZINHET, <strong>Tr\u00e9sorier<\/strong><\/p>\n\n\n\n<p>Christiane, Pr\u00e9sidente : Apr\u00e8s une vie tumultueuse d&rsquo;\u00e9pouse et de m\u00e8re, Can\u00e9toise d&rsquo;adoption depuis 1985,&nbsp; l&rsquo;\u00e9criture d&rsquo;une \u200bautobiographie, suivie de cours de th\u00e9\u00e2tre ; tr\u00e8s vite l&rsquo;envie de partage s&rsquo;est faite ressentir ; de l\u00e0 est n\u00e9e Parole et Coup de Th\u00e9\u00e2tre.<\/p>\n\n\n\n<p>Une merveilleuse rencontre en 2015 avec Karim Arrim, Directeur Artistique, Metteur en Sc\u00e8ne au sein de Op\u00e9ra Th\u00e9\u00e2tre Volubilis. Depuis l&rsquo;Association ne cesse de se d\u00e9velopper : spectacles de fin d&rsquo;ann\u00e9e, cr\u00e9ation \u00ab\u00a0La Rescap\u00e9e\u00a0\u00bb, et le Festival d&rsquo;Art Lyrique <a href=\"http:\/\/latetdanslesetoiles.com\/\">\u00ab\u00a0La T\u00eat dans les Etoiles\u00a0\u00bb<\/a>.<\/p>\n\n\n\n<h2 class=\"wp-block-heading\">A propos de nous<\/h2>\n\n\n\n<p>Que faire pour briser cette solitude de plus en plus pr\u00e9sente dans notre quotidien ? <br>Fortement motiv\u00e9 par l&rsquo;envie de d\u00e9velopper un espace d&rsquo;\u00e9coute et de dialogue, nous avons cr\u00e9\u00e9 notre association. <br>Du dialogue au th\u00e9\u00e2tre\u2026il n&rsquo;y a qu&rsquo;un pas me direz-vous\u2026ou plut\u00f4t une page !<\/p>\n\n\n\n<p class=\"has-text-align-center has-medium-font-size\">C&rsquo;est \u00e0 travers cet Art que nous souhaitons aller \u00e0 votre rencontre !<\/p>\n","protected":false},"excerpt":{"rendered":"<p>Informations Association r\u00e9gie par la Loi du 1er juillet 1901, article 5 ; D\u00e9cret du 16 ao\u00fbt 1901, article 1 \u00e0 7 ayant pour titre \u00ab\u00a0Parole et Coup de Th\u00e9\u00e2tre\u00a0\u00bb. Le si\u00e8ge social est fix\u00e9 \u00e0 Canet-En-Roussillon. L&rsquo;Association se r\u00e9unie les lundis de 18H00 \u00e0 20H00 et les mardis \u200bde [&hellip;]<\/p>\n","protected":false},"author":1,"featured_media":1834,"parent":0,"menu_order":0,"comment_status":"closed","ping_status":"open","template":"","meta":{"_themeisle_gutenberg_block_has_review":false,"footnotes":""},"class_list":["post-2","page","type-page","status-publish","has-post-thumbnail","hentry"],"_links":{"self":[{"href":"https:\/\/www.paroleetcoupdetheatre.fr\/index.php\/wp-json\/wp\/v2\/pages\/2","targetHints":{"allow":["GET"]}}],"collection":[{"href":"https:\/\/www.paroleetcoupdetheatre.fr\/index.php\/wp-json\/wp\/v2\/pages"}],"about":[{"href":"https:\/\/www.paroleetcoupdetheatre.fr\/index.php\/wp-json\/wp\/v2\/types\/page"}],"author":[{"embeddable":true,"href":"https:\/\/www.paroleetcoupdetheatre.fr\/index.php\/wp-json\/wp\/v2\/users\/1"}],"replies":[{"embeddable":true,"href":"https:\/\/www.paroleetcoupdetheatre.fr\/index.php\/wp-json\/wp\/v2\/comments?post=2"}],"version-history":[{"count":13,"href":"https:\/\/www.paroleetcoupdetheatre.fr\/index.php\/wp-json\/wp\/v2\/pages\/2\/revisions"}],"predecessor-version":[{"id":1883,"href":"https:\/\/www.paroleetcoupdetheatre.fr\/index.php\/wp-json\/wp\/v2\/pages\/2\/revisions\/1883"}],"wp:featuredmedia":[{"embeddable":true,"href":"https:\/\/www.paroleetcoupdetheatre.fr\/index.php\/wp-json\/wp\/v2\/media\/1834"}],"wp:attachment":[{"href":"https:\/\/www.paroleetcoupdetheatre.fr\/index.php\/wp-json\/wp\/v2\/media?parent=2"}],"curies":[{"name":"wp","href":"https:\/\/api.w.org\/{rel}","templated":true}]}}